{"id":1650,"date":"2025-07-31T12:18:46","date_gmt":"2025-07-31T12:18:46","guid":{"rendered":"https:\/\/phenomename.com\/legal-notices\/"},"modified":"2025-08-12T09:18:05","modified_gmt":"2025-08-12T09:18:05","slug":"legal-notices","status":"publish","type":"page","link":"https:\/\/phenomename.com\/en\/legal-notices\/","title":{"rendered":"Legal notices"},"content":{"rendered":"\t\t<div data-elementor-type=\"wp-page\" data-elementor-id=\"1650\" class=\"elementor elementor-1650 elementor-591\" data-elementor-post-type=\"page\">\n\t\t\t\t<div class=\"elementor-element elementor-element-26259b8 e-flex e-con-boxed e-con e-parent\" data-id=\"26259b8\" data-element_type=\"container\" data-settings=\"{&quot;background_background&quot;:&quot;classic&quot;}\">\n\t\t\t\t\t<div class=\"e-con-inner\">\n\t\t\t\t<div class=\"elementor-element elementor-element-14f4742 elementor-invisible elementor-widget elementor-widget-heading\" data-id=\"14f4742\" data-element_type=\"widget\" data-settings=\"{&quot;_animation&quot;:&quot;fadeIn&quot;,&quot;_animation_delay&quot;:0}\" data-widget_type=\"heading.default\">\n\t\t\t\t\t<h1 class=\"elementor-heading-title elementor-size-default\">Legal notices<\/h1>\t\t\t\t<\/div>\n\t\t\t\t<div class=\"elementor-element elementor-element-2826d03 elementor-align-center elementor-invisible elementor-widget elementor-widget-breadcrumbs\" data-id=\"2826d03\" data-element_type=\"widget\" data-settings=\"{&quot;_animation&quot;:&quot;fadeIn&quot;,&quot;_animation_delay&quot;:200}\" data-widget_type=\"breadcrumbs.default\">\n\t\t\t\t\t<p id=\"breadcrumbs\"><span><span><a href=\"https:\/\/phenomename.com\/en\/landing\/\">Home<\/a><\/span><\/span><\/p>\t\t\t\t<\/div>\n\t\t\t\t\t<\/div>\n\t\t\t\t<\/div>\n\t\t<div class=\"elementor-element elementor-element-9331af9 e-flex e-con-boxed e-con e-parent\" data-id=\"9331af9\" data-element_type=\"container\" data-settings=\"{&quot;background_background&quot;:&quot;classic&quot;}\">\n\t\t\t\t\t<div class=\"e-con-inner\">\n\t\t<div class=\"elementor-element elementor-element-dbd36e6 e-con-full e-flex e-con e-child\" data-id=\"dbd36e6\" data-element_type=\"container\">\n\t\t\t\t<div class=\"elementor-element elementor-element-c40f671 elementor-invisible elementor-widget elementor-widget-text-editor\" data-id=\"c40f671\" data-element_type=\"widget\" data-settings=\"{&quot;_animation&quot;:&quot;fadeIn&quot;,&quot;_animation_delay&quot;:200}\" data-widget_type=\"text-editor.default\">\n\t\t\t\t\t\t\t\t\t<p align=\"left\"><strong>Article 1. Publication editors <\/strong><\/p><p align=\"left\">The website developer of the Phenomen\u2019\u00e2me website (www.phenomename.com) is:<br><br>Last name: Pinoteau<br>First name: Benjamin<br>Company name: Prospeos SAS<br>Postal address: 32 Rue de Paris, 92100 Boulogne-Billancourt, France<br>SIREN: 927 613 570<br>SIRET: 927 613 570 00021<br>Email : contact@prospeos.com<\/p><p align=\"left\">The website owner and publisher of the Phenomen\u2019\u00e2me website (www.phenomename.com) is:<br><br>Last name: Petithomme<br>First name: Sophie<br>Postal address: 58 rue de Monceau, 75008 Paris, France<br>SIREN: 929 422 855<br>SIRET: 929 422 855 00015<br>Email: contact@phenomename.com<\/p><p align=\"left\"> <\/p><p align=\"left\"><strong>Article 2. Website manager and legal representative <\/strong><\/p><p align=\"left\">The Phenomen\u2019\u00e2me website (www.phenomename.com) is managed and operated by:<br><br>Last name: Petithomme<br>First name: Sophie<br>Postal address: 58 rue de Monceau, 75008 Paris, France<br>SIREN: 929 422 855<br>SIRET: 929 422 855 00015<br>Email: contact@phenomename.com<\/p><p align=\"left\"> <\/p><p align=\"left\"><strong>Article 3. Website host <\/strong><\/p><p align=\"left\">Company name: Infomaniak Network SA<br>Postal address: Rue Eug\u00e8ne-Marziano, 25 \u2013 CH \u2013 1227 Geneva \u2013 Switzerland<br>Contact: https:\/\/support.infomaniak.com<\/p><p> <\/p><p><strong>Article 4. Intellectual property protection <\/strong><\/p><p align=\"left\">The elements on this website are provided by the publication director. They remain her intellectual property. All rights to reproduction, modification and distribution are reserved.<br>Reproduction, in whole or in part, of works on the website is prohibited without the express permission of the publication director.<br>Users undertake not to use, transmit or reproduce all or part of these documents for the purpose of organizing or running services related to those provided by the publication director. Any attempt at unfair competition or misuse of content will be subject to legal action. Users are strictly prohibited from donating or reselling any written, oral or video material provided on the website, under penalty of legal action.    <\/p><p align=\"left\"> <\/p><p align=\"left\"><strong>Article 5. Data processing and liberties <\/strong><\/p><p align=\"left\">The data processed online by Petithomme Sophie relates to the personal information of users, after obtaining their consent. No personal data is sold, transferred or communicated to third parties.<br>They are kept by the service provider for a period of 3 years, for professional prospecting purposes.<br>In accordance with the applicable regulations, including the GDPR (General Data Protection Regulation), on data processing, data files and individual liberties, you have the right to access, update, correct, or delete your personal data at any time.<br>The person responsible for processing personal data on this website is Petithomme Sophie. If you wish to exercise these rights, please contact her by email at contact@phenomename.com.<br>To request a modification, rectification or deletion of your personal data, simply send the service provider a letter by email or mail, providing proof of your identity.<br>If you feel that the website does not respect your rights to personal data protection, you can also lodge an appeal with the Commission Nationale Informatique et Libert\u00e9 (CNIL), after first attempting to resolve the dispute amicably.<br>Please refer to our privacy policy.  <\/p><p align=\"left\"> <\/p><p align=\"left\"><strong>Article 6. Cookies <\/strong><\/p><p align=\"left\">A cookie is a small file consisting of letters and numbers that is downloaded to your computer when you access certain websites. In general, cookies enable a website to recognize the user\u2019s computer. The most important thing to know about the cookies we set is that they are used to improve the user-friendliness of our website, for example by remembering site preferences and language settings.<br><br>We use cookies only after obtaining your consent, in accordance with applicable data protection laws. Cookies and similar technologies may be used for several purposes, such as:  <\/p><ul><li>Ensuring security and fraud prevention, and identifying or preventing cyber-attacks<\/li><li>Providing the services you have specifically requested<\/li><li>Monitoring and analysing the performance, operation and effectiveness of our services<\/li><li>Enhancing your overall user experience<\/li><\/ul><p align=\"left\">The cookies used are mentioned in the privacy policy.<br>To find out more about cookies, including how to see what cookies have been set and understand how to manage, delete or block them, visit https:\/\/aboutcookies.org\/ or https:\/\/www.allaboutcookies.org\/fr\/.<br>You can also prevent your browser from accepting cookies by modifying the relevant settings in your browser. You can usually find these settings in your browser\u2019s \u201cOptions\u201d or \u201cPreferences\u201d menu.<br>Please note that deleting our cookies or disabling future cookies or tracking technologies may prevent you from accessing certain areas or features of our services, or may otherwise adversely affect your user experience.<br>You can use your browser\u2019s \u201cHelp\u201d option.<br>To opt-out and prevent your data from being used by Google Analytics on all websites, please consult the following instructions: https:\/\/tools.google.com\/dlpage\/gaoptout?hl=fr<br>We may change this cookie policy from time to time.<br>We encourage you to check this page and the cookies policy for the latest information on cookies.<\/p><p> <\/p><p>Date of last update:July 28th, 2025<br>Model issued by SAS Legal Peach (<a href=\"https:\/\/www.legalpeach.fr\/\" target=\"_blank\" rel=\"noopener\">https:\/\/www.legalpeach.fr\/<\/a>)<\/p>\t\t\t\t\t\t\t\t<\/div>\n\t\t\t\t<\/div>\n\t\t\t\t\t<\/div>\n\t\t\t\t<\/div>\n\t\t\t\t<\/div>\n\t\t","protected":false},"excerpt":{"rendered":"<p>Legal notices Article 1. Publication editors The website developer of the Phenomen\u2019\u00e2me website (www.phenomename.com) is: Last name: PinoteauFirst name: BenjaminCompany name: Prospeos SASPostal address: 32 Rue de Paris, 92100 Boulogne-Billancourt, FranceSIREN: 927 613 570SIRET: 927 613 570 00021Email : contact@prospeos.com The website owner and publisher of the Phenomen\u2019\u00e2me website (www.phenomename.com) is: Last name: PetithommeFirst name: [&hellip;]<\/p>\n","protected":false},"author":1,"featured_media":0,"parent":0,"menu_order":0,"comment_status":"closed","ping_status":"closed","template":"","meta":{"_acf_changed":false,"footnotes":""},"class_list":["post-1650","page","type-page","status-publish","hentry"],"acf":[],"yoast_head":"<!-- This site is optimized with the Yoast SEO plugin v25.7 - https:\/\/yoast.com\/wordpress\/plugins\/seo\/ -->\n<title>Legal notices | Phenomen&#039;\u00e2me<\/title>\n<meta name=\"robots\" content=\"noindex, nofollow\" \/>\n<meta property=\"og:locale\" content=\"en_US\" \/>\n<meta property=\"og:type\" content=\"article\" \/>\n<meta property=\"og:title\" content=\"Legal notices | Phenomen&#039;\u00e2me\" \/>\n<meta property=\"og:description\" content=\"Legal notices Article 1. Publication editors The website developer of the Phenomen\u2019\u00e2me website (www.phenomename.com) is: Last name: PinoteauFirst name: BenjaminCompany name: Prospeos SASPostal address: 32 Rue de Paris, 92100 Boulogne-Billancourt, FranceSIREN: 927 613 570SIRET: 927 613 570 00021Email : contact@prospeos.com The website owner and publisher of the Phenomen\u2019\u00e2me website (www.phenomename.com) is: Last name: PetithommeFirst name: [&hellip;]\" \/>\n<meta property=\"og:url\" content=\"https:\/\/phenomename.com\/en\/legal-notices\/\" \/>\n<meta property=\"og:site_name\" content=\"Phenomen&#039;\u00e2me\" \/>\n<meta property=\"article:modified_time\" content=\"2025-08-12T09:18:05+00:00\" \/>\n<meta name=\"twitter:card\" content=\"summary_large_image\" \/>\n<meta name=\"twitter:label1\" content=\"Est. reading time\" \/>\n\t<meta name=\"twitter:data1\" content=\"4 minutes\" \/>\n<script type=\"application\/ld+json\" class=\"yoast-schema-graph\">{\"@context\":\"https:\/\/schema.org\",\"@graph\":[{\"@type\":\"WebPage\",\"@id\":\"https:\/\/phenomename.com\/en\/legal-notices\/\",\"url\":\"https:\/\/phenomename.com\/en\/legal-notices\/\",\"name\":\"Legal notices | Phenomen&#039;\u00e2me\",\"isPartOf\":{\"@id\":\"https:\/\/phenomename.com\/#website\"},\"datePublished\":\"2025-07-31T12:18:46+00:00\",\"dateModified\":\"2025-08-12T09:18:05+00:00\",\"breadcrumb\":{\"@id\":\"https:\/\/phenomename.com\/en\/legal-notices\/#breadcrumb\"},\"inLanguage\":\"en-US\",\"potentialAction\":[{\"@type\":\"ReadAction\",\"target\":[\"https:\/\/phenomename.com\/en\/legal-notices\/\"]}]},{\"@type\":\"BreadcrumbList\",\"@id\":\"https:\/\/phenomename.com\/en\/legal-notices\/#breadcrumb\",\"itemListElement\":[{\"@type\":\"ListItem\",\"position\":1,\"name\":\"Home\",\"item\":\"https:\/\/phenomename.com\/en\/landing\/\"},{\"@type\":\"ListItem\",\"position\":2,\"name\":\"Legal notices\"}]},{\"@type\":\"WebSite\",\"@id\":\"https:\/\/phenomename.com\/#website\",\"url\":\"https:\/\/phenomename.com\/\",\"name\":\"Phenomen'\u00e2me\",\"description\":\"Conseil en image \u00e9v\u00e9nementielle\",\"publisher\":{\"@id\":\"https:\/\/phenomename.com\/#organization\"},\"potentialAction\":[{\"@type\":\"SearchAction\",\"target\":{\"@type\":\"EntryPoint\",\"urlTemplate\":\"https:\/\/phenomename.com\/?s={search_term_string}\"},\"query-input\":{\"@type\":\"PropertyValueSpecification\",\"valueRequired\":true,\"valueName\":\"search_term_string\"}}],\"inLanguage\":\"en-US\"},{\"@type\":\"Organization\",\"@id\":\"https:\/\/phenomename.com\/#organization\",\"name\":\"Phenomen'\u00e2me\",\"url\":\"https:\/\/phenomename.com\/\",\"logo\":{\"@type\":\"ImageObject\",\"inLanguage\":\"en-US\",\"@id\":\"https:\/\/phenomename.com\/#\/schema\/logo\/image\/\",\"url\":\"https:\/\/phenomename.com\/wp-content\/uploads\/2025\/06\/logo-phenomene-header.svg\",\"contentUrl\":\"https:\/\/phenomename.com\/wp-content\/uploads\/2025\/06\/logo-phenomene-header.svg\",\"width\":347,\"height\":58,\"caption\":\"Phenomen'\u00e2me\"},\"image\":{\"@id\":\"https:\/\/phenomename.com\/#\/schema\/logo\/image\/\"}}]}<\/script>\n<!-- \/ Yoast SEO plugin. -->","yoast_head_json":{"title":"Legal notices | Phenomen&#039;\u00e2me","robots":{"index":"noindex","follow":"nofollow"},"og_locale":"en_US","og_type":"article","og_title":"Legal notices | Phenomen&#039;\u00e2me","og_description":"Legal notices Article 1. Publication editors The website developer of the Phenomen\u2019\u00e2me website (www.phenomename.com) is: Last name: PinoteauFirst name: BenjaminCompany name: Prospeos SASPostal address: 32 Rue de Paris, 92100 Boulogne-Billancourt, FranceSIREN: 927 613 570SIRET: 927 613 570 00021Email : contact@prospeos.com The website owner and publisher of the Phenomen\u2019\u00e2me website (www.phenomename.com) is: Last name: PetithommeFirst name: [&hellip;]","og_url":"https:\/\/phenomename.com\/en\/legal-notices\/","og_site_name":"Phenomen&#039;\u00e2me","article_modified_time":"2025-08-12T09:18:05+00:00","twitter_card":"summary_large_image","twitter_misc":{"Est. reading time":"4 minutes"},"schema":{"@context":"https:\/\/schema.org","@graph":[{"@type":"WebPage","@id":"https:\/\/phenomename.com\/en\/legal-notices\/","url":"https:\/\/phenomename.com\/en\/legal-notices\/","name":"Legal notices | Phenomen&#039;\u00e2me","isPartOf":{"@id":"https:\/\/phenomename.com\/#website"},"datePublished":"2025-07-31T12:18:46+00:00","dateModified":"2025-08-12T09:18:05+00:00","breadcrumb":{"@id":"https:\/\/phenomename.com\/en\/legal-notices\/#breadcrumb"},"inLanguage":"en-US","potentialAction":[{"@type":"ReadAction","target":["https:\/\/phenomename.com\/en\/legal-notices\/"]}]},{"@type":"BreadcrumbList","@id":"https:\/\/phenomename.com\/en\/legal-notices\/#breadcrumb","itemListElement":[{"@type":"ListItem","position":1,"name":"Home","item":"https:\/\/phenomename.com\/en\/landing\/"},{"@type":"ListItem","position":2,"name":"Legal notices"}]},{"@type":"WebSite","@id":"https:\/\/phenomename.com\/#website","url":"https:\/\/phenomename.com\/","name":"Phenomen'\u00e2me","description":"Conseil en image \u00e9v\u00e9nementielle","publisher":{"@id":"https:\/\/phenomename.com\/#organization"},"potentialAction":[{"@type":"SearchAction","target":{"@type":"EntryPoint","urlTemplate":"https:\/\/phenomename.com\/?s={search_term_string}"},"query-input":{"@type":"PropertyValueSpecification","valueRequired":true,"valueName":"search_term_string"}}],"inLanguage":"en-US"},{"@type":"Organization","@id":"https:\/\/phenomename.com\/#organization","name":"Phenomen'\u00e2me","url":"https:\/\/phenomename.com\/","logo":{"@type":"ImageObject","inLanguage":"en-US","@id":"https:\/\/phenomename.com\/#\/schema\/logo\/image\/","url":"https:\/\/phenomename.com\/wp-content\/uploads\/2025\/06\/logo-phenomene-header.svg","contentUrl":"https:\/\/phenomename.com\/wp-content\/uploads\/2025\/06\/logo-phenomene-header.svg","width":347,"height":58,"caption":"Phenomen'\u00e2me"},"image":{"@id":"https:\/\/phenomename.com\/#\/schema\/logo\/image\/"}}]}},"_links":{"self":[{"href":"https:\/\/phenomename.com\/en\/wp-json\/wp\/v2\/pages\/1650","targetHints":{"allow":["GET"]}}],"collection":[{"href":"https:\/\/phenomename.com\/en\/wp-json\/wp\/v2\/pages"}],"about":[{"href":"https:\/\/phenomename.com\/en\/wp-json\/wp\/v2\/types\/page"}],"author":[{"embeddable":true,"href":"https:\/\/phenomename.com\/en\/wp-json\/wp\/v2\/users\/1"}],"replies":[{"embeddable":true,"href":"https:\/\/phenomename.com\/en\/wp-json\/wp\/v2\/comments?post=1650"}],"version-history":[{"count":0,"href":"https:\/\/phenomename.com\/en\/wp-json\/wp\/v2\/pages\/1650\/revisions"}],"wp:attachment":[{"href":"https:\/\/phenomename.com\/en\/wp-json\/wp\/v2\/media?parent=1650"}],"curies":[{"name":"wp","href":"https:\/\/api.w.org\/{rel}","templated":true}]}}